{"id":768,"date":"2022-02-23T21:06:07","date_gmt":"2022-02-23T21:06:07","guid":{"rendered":"https:\/\/startersites.io\/stagingfour\/?page_id=768"},"modified":"2025-07-03T15:50:33","modified_gmt":"2025-07-03T15:50:33","slug":"about-us","status":"publish","type":"page","link":"https:\/\/calhuddle.com\/fr\/about-us\/","title":{"rendered":"\u00c0 propos"},"content":{"rendered":"<div class=\"wp-block-stackable-spacer stk-block-spacer stk--no-padding stk-block stk-6090630\" data-block-id=\"6090630\"><style>.stk-6090630 {height:66px !important;}<\/style><\/div>\n\n\n\n<div class=\"wp-block-stackable-columns stk-block-columns stk-block stk-5850aec\" data-block-id=\"5850aec\"><style>.stk-5850aec .stk--block-align-5850aec{align-items:center !important;}.stk-5850aec {border-radius:8px !important;overflow:hidden !important;margin-bottom:0px !important;}.stk-5850aec-column{--stk-column-gap:35px !important;}<\/style><div class=\"stk-row stk-inner-blocks stk--block-align-5850aec stk-block-content stk-content-align stk-5850aec-column\">\n<div class=\"wp-block-stackable-column stk-block-column stk-column stk-block stk-bfa2a48\" data-v=\"4\" data-block-id=\"bfa2a48\"><style>.stk-bfa2a48-container{margin-top:0px !important;margin-right:0px !important;margin-bottom:0px !important;margin-left:0px !important;}.stk-bfa2a48 {align-self:flex-start !important;}<\/style><div class=\"stk-column-wrapper stk-block-column__content stk-container stk-bfa2a48-container stk--no-background stk--no-padding\"><div class=\"has-text-align-left has-text-align-center-mobile stk-block-content stk-inner-blocks stk-bfa2a48-inner-blocks\">\n<div class=\"wp-block-stackable-image stk-block-image stk-block stk-e1c22e5\" data-block-id=\"e1c22e5\"><figure><span class=\"stk-img-wrapper stk-image--shape-stretch\"><img loading=\"lazy\" decoding=\"async\" class=\"stk-img wp-image-821\" src=\"https:\/\/calhuddle.com\/wp-content\/uploads\/2025\/07\/ppqbopa.png\" width=\"800\" height=\"804\" srcset=\"https:\/\/calhuddle.com\/wp-content\/uploads\/2025\/07\/ppqbopa.png 800w, https:\/\/calhuddle.com\/wp-content\/uploads\/2025\/07\/ppqbopa-150x150.png 150w, https:\/\/calhuddle.com\/wp-content\/uploads\/2025\/07\/ppqbopa-768x772.png 768w, https:\/\/calhuddle.com\/wp-content\/uploads\/2025\/07\/ppqbopa-600x603.png 600w, https:\/\/calhuddle.com\/wp-content\/uploads\/2025\/07\/ppqbopa-100x100.png 100w\" sizes=\"auto, (max-width: 800px) 100vw, 800px\" \/><\/span><\/figure><\/div>\n<\/div><\/div><\/div>\n\n\n\n<div class=\"wp-block-stackable-column stk-block-column stk-column stk-block stk-fb7eef2\" data-v=\"4\" data-block-id=\"fb7eef2\"><style>.stk-fb7eef2-container{margin-top:0px !important;margin-right:0px !important;margin-bottom:0px !important;margin-left:0px !important;}<\/style><div class=\"stk-column-wrapper stk-block-column__content stk-container stk-fb7eef2-container stk--no-background stk--no-padding\"><div class=\"stk-block-content stk-inner-blocks stk-fb7eef2-inner-blocks\">\n<div class=\"wp-block-stackable-text stk-block-text stk-block stk-4e3dee4\" data-block-id=\"4e3dee4\"><style>.stk-4e3dee4 {margin-bottom:16px !important;}.stk-4e3dee4 .stk-block-text__text{color:var(--theme-palette-color-1, #e65616) !important;font-weight:900 !important;text-transform:uppercase !important;}<\/style><p class=\"stk-block-text__text has-text-color has-palette-color-1-color has-text-align-center-mobile\">Ce qui nous distingue<\/p><\/div>\n\n\n\n<div class=\"wp-block-stackable-heading stk-block-heading stk-block-heading--v2 stk-block stk-6f2b099\" data-block-id=\"6f2b099\"><style>.stk-6f2b099 {margin-bottom:5px !important;}.stk-6f2b099 .stk-block-heading__text{line-height:1.2em !important;font-weight:800 !important;text-transform:capitalize !important;}<\/style><h2 class=\"stk-block-heading__text has-text-align-center-mobile\"><\/h2><\/div>\n\n\n\n<div class=\"wp-block-stackable-columns stk-block-columns stk-block stk-d968f1f\" data-block-id=\"d968f1f\"><style>.stk-d968f1f {margin-bottom:50px !important;}.stk-d968f1f-column{--stk-column-gap:5px !important;row-gap:15px !important;}<\/style><div class=\"stk-row stk-inner-blocks stk-block-content stk-content-align stk-d968f1f-column\">\n<div class=\"wp-block-stackable-column stk-block-column stk-column stk-block stk-bd1fe80\" data-v=\"4\" data-block-id=\"bd1fe80\"><style>.stk-bd1fe80-container{margin-top:0px !important;margin-right:0px !important;margin-bottom:0px !important;margin-left:0px !important;}@media screen and (min-width:690px){.stk-bd1fe80 {flex:var(--stk-flex-grow, 1) 1 calc(13% - var(--stk-column-gap, 0px) * 1 \/ 2 ) !important;}}<\/style><div class=\"stk-column-wrapper stk-block-column__content stk-container stk-bd1fe80-container stk--no-background stk--no-padding\"><div class=\"stk-block-content stk-inner-blocks stk-bd1fe80-inner-blocks\">\n<div class=\"wp-block-stackable-heading stk-block-heading stk-block-heading--v2 stk-block stk-6187258\" id=\"1\" data-block-id=\"6187258\"><style>.stk-6187258 .stk-block-heading__text{color:var(--theme-palette-color-1, #e65616) !important;font-weight:800 !important;}<\/style><h3 class=\"stk-block-heading__text has-text-color has-palette-color-1-color has-text-align-center-mobile stk-block-heading--use-theme-margins\">#1<\/h3><\/div>\n<\/div><\/div><\/div>\n\n\n\n<div class=\"wp-block-stackable-column stk-block-column stk-column stk-block stk-ee3bbef\" data-v=\"4\" data-block-id=\"ee3bbef\"><style>.stk-ee3bbef-container{margin-top:0px !important;margin-right:0px !important;margin-bottom:0px !important;margin-left:0px !important;}@media screen and (min-width:690px){.stk-ee3bbef {flex:var(--stk-flex-grow, 1) 1 calc(87% - var(--stk-column-gap, 0px) * 1 \/ 2 ) !important;}}<\/style><div class=\"stk-column-wrapper stk-block-column__content stk-container stk-ee3bbef-container stk--no-background stk--no-padding\"><div class=\"stk-block-content stk-inner-blocks stk-ee3bbef-inner-blocks\">\n<div class=\"wp-block-stackable-heading stk-block-heading stk-block-heading--v2 stk-block stk-7f1bba1\" id=\"strong-nuestra-mision-strong\" data-block-id=\"7f1bba1\"><style>.stk-7f1bba1 {margin-bottom:5px !important;}.stk-7f1bba1 .stk-block-heading__text{color:var(--theme-palette-color-4, #ffffff) !important;}<\/style><h5 class=\"stk-block-heading__text has-text-color has-palette-color-4-color has-text-align-center-mobile stk-block-heading--use-theme-margins\"><strong>Notre mission<\/strong><\/h5><\/div>\n\n\n\n<div class=\"wp-block-stackable-text stk-block-text stk-block stk-7fef662\" data-block-id=\"7fef662\"><style>.stk-7fef662 .stk-block-text__text{color:var(--theme-palette-color-4, #ffffff) !important;}<\/style><p class=\"stk-block-text__text has-text-color has-palette-color-4-color has-text-align-justify has-text-align-center-mobile\">Chez CAL, nous pensons que le football am\u00e9ricain est un outil de transformation.<br>Notre mission est d'\u00e9duquer, d'inspirer et de soutenir les joueurs, les entra\u00eeneurs et les familles \u00e0 travers un contenu \u00e9ducatif, \u00e9motionnel et strat\u00e9gique qui renforce leurs connaissances, \u00e9l\u00e8ve leur leadership et enflamme leur passion pour le sport.<br>Nous voulons laisser une marque sur chaque personne qui ose vivre le football non seulement comme un jeu, mais comme un voyage.<\/p><\/div>\n<\/div><\/div><\/div>\n<\/div><\/div>\n\n\n\n<div class=\"wp-block-stackable-columns stk-block-columns stk-block stk-9d61493\" data-block-id=\"9d61493\"><style>.stk-9d61493 {margin-bottom:50px !important;}.stk-9d61493-column{--stk-column-gap:5px !important;row-gap:15px !important;}<\/style><div class=\"stk-row stk-inner-blocks stk-block-content stk-content-align stk-9d61493-column\">\n<div class=\"wp-block-stackable-column stk-block-column stk-column stk-block stk-7097a3f\" data-v=\"4\" data-block-id=\"7097a3f\"><style>.stk-7097a3f-container{margin-top:0px !important;margin-right:0px !important;margin-bottom:0px !important;margin-left:0px !important;}@media screen and (min-width:690px){.stk-7097a3f {flex:var(--stk-flex-grow, 1) 1 calc(13% - var(--stk-column-gap, 0px) * 1 \/ 2 ) !important;}}<\/style><div class=\"stk-column-wrapper stk-block-column__content stk-container stk-7097a3f-container stk--no-background stk--no-padding\"><div class=\"stk-block-content stk-inner-blocks stk-7097a3f-inner-blocks\">\n<div class=\"wp-block-stackable-heading stk-block-heading stk-block-heading--v2 stk-block stk-528516c\" id=\"2\" data-block-id=\"528516c\"><style>.stk-528516c .stk-block-heading__text{color:var(--theme-palette-color-1, #e65616) !important;font-weight:800 !important;}<\/style><h3 class=\"stk-block-heading__text has-text-color has-palette-color-1-color has-text-align-center-mobile stk-block-heading--use-theme-margins\">#2<\/h3><\/div>\n<\/div><\/div><\/div>\n\n\n\n<div class=\"wp-block-stackable-column stk-block-column stk-column stk-block stk-0d9e1b1\" data-v=\"4\" data-block-id=\"0d9e1b1\"><style>.stk-0d9e1b1-container{margin-top:0px !important;margin-right:0px !important;margin-bottom:0px !important;margin-left:0px !important;}@media screen and (min-width:690px){.stk-0d9e1b1 {flex:var(--stk-flex-grow, 1) 1 calc(87% - var(--stk-column-gap, 0px) * 1 \/ 2 ) !important;}}<\/style><div class=\"stk-column-wrapper stk-block-column__content stk-container stk-0d9e1b1-container stk--no-background stk--no-padding\"><div class=\"stk-block-content stk-inner-blocks stk-0d9e1b1-inner-blocks\">\n<div class=\"wp-block-stackable-heading stk-block-heading stk-block-heading--v2 stk-block stk-ade317f\" id=\"strong-strong-nuestro-objetivo-strong-strong\" data-block-id=\"ade317f\"><style>.stk-ade317f {margin-bottom:5px !important;}.stk-ade317f .stk-block-heading__text{color:var(--theme-palette-color-4, #ffffff) !important;}<\/style><h5 class=\"stk-block-heading__text has-text-color has-palette-color-4-color has-text-align-center-mobile stk-block-heading--use-theme-margins\"><strong><strong>Notre objectif<\/strong><\/strong><\/h5><\/div>\n\n\n\n<div class=\"wp-block-stackable-text stk-block-text stk-block stk-09fc247\" data-block-id=\"09fc247\"><style>.stk-09fc247 .stk-block-text__text{color:var(--theme-palette-color-4, #ffffff) !important;}<\/style><p class=\"stk-block-text__text has-text-color has-palette-color-4-color has-text-align-justify has-text-align-center-mobile\">Donner du pouvoir \u00e0 la communaut\u00e9 du football am\u00e9ricain (joueurs, entra\u00eeneurs, parents et fans) en leur donnant acc\u00e8s \u00e0 un contenu de qualit\u00e9, \u00e0 des ressources pratiques, \u00e0 une formation continue et \u00e0 une v\u00e9ritable motivation.<br>Nous voulons que chaque visiteur trouve ici un endroit pour grandir, \u00eatre inspir\u00e9 et ma\u00eetriser le jeu avec son esprit, son corps et son \u00e2me.<\/p><\/div>\n<\/div><\/div><\/div>\n<\/div><\/div>\n\n\n\n<div class=\"wp-block-stackable-columns stk-block-columns stk-block stk-b8cc8e6\" data-block-id=\"b8cc8e6\"><style>.stk-b8cc8e6 {margin-bottom:50px !important;}.stk-b8cc8e6-column{--stk-column-gap:5px !important;row-gap:15px !important;}<\/style><div class=\"stk-row stk-inner-blocks stk-block-content stk-content-align stk-b8cc8e6-column\">\n<div class=\"wp-block-stackable-column stk-block-column stk-column stk-block stk-c1b66c7\" data-v=\"4\" data-block-id=\"c1b66c7\"><style>.stk-c1b66c7-container{margin-top:0px !important;margin-right:0px !important;margin-bottom:0px !important;margin-left:0px !important;}@media screen and (min-width:690px){.stk-c1b66c7 {flex:var(--stk-flex-grow, 1) 1 calc(13% - var(--stk-column-gap, 0px) * 1 \/ 2 ) !important;}}<\/style><div class=\"stk-column-wrapper stk-block-column__content stk-container stk-c1b66c7-container stk--no-background stk--no-padding\"><div class=\"stk-block-content stk-inner-blocks stk-c1b66c7-inner-blocks\">\n<div class=\"wp-block-stackable-heading stk-block-heading stk-block-heading--v2 stk-block stk-6617625\" id=\"3\" data-block-id=\"6617625\"><style>.stk-6617625 .stk-block-heading__text{color:var(--theme-palette-color-1, #e65616) !important;font-weight:800 !important;}<\/style><h3 class=\"stk-block-heading__text has-text-color has-palette-color-1-color has-text-align-center-mobile stk-block-heading--use-theme-margins\">#3<\/h3><\/div>\n<\/div><\/div><\/div>\n\n\n\n<div class=\"wp-block-stackable-column stk-block-column stk-column stk-block stk-41d14b0\" data-v=\"4\" data-block-id=\"41d14b0\"><style>.stk-41d14b0-container{margin-top:0px !important;margin-right:0px !important;margin-bottom:0px !important;margin-left:0px !important;}@media screen and (min-width:690px){.stk-41d14b0 {flex:var(--stk-flex-grow, 1) 1 calc(87% - var(--stk-column-gap, 0px) * 1 \/ 2 ) !important;}}<\/style><div class=\"stk-column-wrapper stk-block-column__content stk-container stk-41d14b0-container stk--no-background stk--no-padding\"><div class=\"stk-block-content stk-inner-blocks stk-41d14b0-inner-blocks\">\n<div class=\"wp-block-stackable-heading stk-block-heading stk-block-heading--v2 stk-block stk-c81c7d4\" id=\"strong-strong-strong-por-que-nosotros-strong-strong-strong\" data-block-id=\"c81c7d4\"><style>.stk-c81c7d4 {margin-bottom:5px !important;}.stk-c81c7d4 .stk-block-heading__text{color:var(--theme-palette-color-4, #ffffff) !important;}<\/style><h5 class=\"stk-block-heading__text has-text-color has-palette-color-4-color has-text-align-center-mobile stk-block-heading--use-theme-margins\"><strong><strong><strong>Pourquoi nous?<\/strong><\/strong><\/strong><\/h5><\/div>\n\n\n\n<div class=\"wp-block-stackable-text stk-block-text stk-block stk-1d7e05a\" data-block-id=\"1d7e05a\"><style>.stk-1d7e05a .stk-block-text__text{color:var(--theme-palette-color-4, #ffffff) !important;}<\/style><p class=\"stk-block-text__text has-text-color has-palette-color-4-color has-text-align-justify has-text-align-center-mobile\">Parce que nous avons v\u00e9cu chaque snap, chaque d\u00e9faite, chaque victoire et chaque transformation que ce sport apporte.<br>Chez CAL, nous ne parlons pas de th\u00e9orie : nous parlons d'exp\u00e9rience, de la ligne de m\u00eal\u00e9e et du c\u0153ur du groupe.<br>Nous combinons des d\u00e9cennies d\u2019exp\u00e9rience dans le domaine avec des outils modernes, du contenu professionnel et une communaut\u00e9 engag\u00e9e.<br>Ici, nous ne partageons pas seulement des connaissances, nous partageons un objectif.<\/p><\/div>\n<\/div><\/div><\/div>\n<\/div><\/div>\n\n\n\n<div class=\"wp-block-stackable-button-group stk-block-button-group stk-block stk-b383bc8\" data-block-id=\"b383bc8\"><style>.stk-b383bc8 {margin-bottom:0px !important;}<\/style><div class=\"stk-row stk-inner-blocks has-text-align-center-mobile stk-block-content stk-button-group\">\n<div class=\"wp-block-stackable-button stk-block-button stk-block stk-84472b6\" data-block-id=\"84472b6\"><style>.stk-84472b6 .stk-button{padding-top:14px !important;padding-right:40px !important;padding-bottom:14px !important;padding-left:40px !important;background:var(--theme-palette-color-1, #e65616) !important;border-top-left-radius:8px !important;border-top-right-radius:8px !important;border-bottom-right-radius:8px !important;border-bottom-left-radius:8px !important;}.stk-84472b6 .stk-button:before{border-top-width:2px !important;border-right-width:2px !important;border-bottom-width:2px !important;border-left-width:2px !important;}.stk-84472b6 .stk-button__inner-text{font-size:15px !important;font-weight:bold !important;text-transform:uppercase !important;}@media screen and (max-width:999px){.stk-84472b6 .stk-button__inner-text{font-size:15px !important;}}<\/style><a class=\"stk-link stk-button stk--hover-effect-darken\" href=\"https:\/\/calhuddle.com\/fr\/tienda\/\"><span class=\"stk-button__inner-text\">Produits<\/span><\/a><\/div>\n<\/div><\/div>\n<\/div><\/div><\/div>\n<\/div><\/div>\n\n\n\n<div class=\"wp-block-stackable-spacer stk-block-spacer stk--no-padding stk-block stk-1fd3982\" data-block-id=\"1fd3982\"><style>.stk-1fd3982 {height:120px !important;}@media screen and (max-width:999px){.stk-1fd3982 {height:100px !important;}}<\/style><\/div>\n\n\n\n<div class=\"wp-block-stackable-columns alignfull stk-block-columns stk-block stk-ad686cc stk-block-background stk--has-background-overlay\" data-block-id=\"ad686cc\"><style>.stk-ad686cc .stk--block-align-ad686cc{align-items:center !important;}.stk-ad686cc {background-color:var(--theme-palette-color-7, #1a1a1a) !important;background-image:url(https:\/\/calhuddle.com\/wp-content\/uploads\/2025\/07\/linea-fondo2.png) !important;padding-top:120px !important;padding-right:35px !important;padding-bottom:120px !important;padding-left:35px !important;margin-top:0px !important;margin-right:0px !important;margin-bottom:0px !important;margin-left:0px !important;}.stk-ad686cc:before{background-color:var(--theme-palette-color-7, #1a1a1a) !important;opacity:0 !important;}.stk-ad686cc-column{--stk-column-gap:35px !important;}@media screen and (max-width:689px){.stk-ad686cc {padding-top:70px !important;padding-right:0px !important;padding-bottom:70px !important;padding-left:0px !important;}}<\/style><div class=\"stk-row stk-inner-blocks stk--block-align-ad686cc stk-block-content stk-content-align stk-ad686cc-column\">\n<div class=\"wp-block-stackable-column stk-block-column stk-column stk-block stk-c984eeb\" data-v=\"4\" data-block-id=\"c984eeb\"><style>.stk-c984eeb-container{margin-top:0px !important;margin-right:0px !important;margin-bottom:0px !important;margin-left:0px !important;}@media screen and (min-width:690px) and (max-width:999px){.stk-c984eeb {flex:var(--stk-flex-grow, 1) 1 calc(100% - var(--stk-column-gap, 0px) * 0 \/ 1 ) !important;}}<\/style><div class=\"stk-column-wrapper stk-block-column__content stk-container stk-c984eeb-container stk--no-background stk--no-padding\"><div class=\"has-text-align-center-mobile stk-block-content stk-inner-blocks stk-c984eeb-inner-blocks\">\n<div class=\"wp-block-stackable-heading stk-block-heading stk-block-heading--v2 stk-block stk-583227d\" id=\"\ud83c\udfc8-strong-nuestra-historia-strong\" data-block-id=\"583227d\"><style>.stk-583227d {margin-bottom:25px !important;}.stk-583227d .stk-block-heading__text{font-size:60px !important;line-height:1.2em !important;font-weight:800 !important;}@media screen and (max-width:999px){.stk-583227d .stk-block-heading__text{font-size:50px !important;}}<\/style><h2 class=\"stk-block-heading__text\">\ud83c\udfc8 <strong>Notre histoire<\/strong><\/h2><\/div>\n<\/div><\/div><\/div>\n\n\n\n<div class=\"wp-block-stackable-column stk-block-column stk-column stk-block stk-8b107ab stk-block-background\" data-v=\"4\" data-block-id=\"8b107ab\"><style>.stk-8b107ab-container{margin-top:0px !important;margin-right:0px !important;margin-bottom:0px !important;margin-left:0px !important;}.stk-8b107ab {background-color:var(--theme-palette-color-1, #e65616) !important;border-radius:8px !important;overflow:hidden !important;padding-top:60px !important;padding-right:60px !important;padding-bottom:60px !important;padding-left:60px !important;}.stk-8b107ab:before{background-color:var(--theme-palette-color-1, #e65616) !important;}@media screen and (min-width:690px) and (max-width:999px){.stk-8b107ab {flex:var(--stk-flex-grow, 1) 1 calc(100% - var(--stk-column-gap, 0px) * 0 \/ 1 ) !important;}}@media screen and (max-width:689px){.stk-8b107ab {padding-top:40px !important;padding-right:25px !important;padding-bottom:40px !important;padding-left:25px !important;}}<\/style><div class=\"stk-column-wrapper stk-block-column__content stk-container stk-8b107ab-container stk--no-background stk--no-padding\"><div class=\"has-text-align-center-mobile stk-block-content stk-inner-blocks stk-8b107ab-inner-blocks\">\n<div class=\"wp-block-stackable-heading stk-block-heading stk-block-heading--v2 stk-block stk-d25b178\" id=\"\ud83c\udfc8-strong-nacimos-desde-el-campo-strong\" data-block-id=\"d25b178\"><style>.stk-d25b178 {margin-bottom:16px !important;}.stk-d25b178 .stk-block-heading__text{font-size:25px !important;line-height:1.2em !important;font-weight:800 !important;}@media screen and (max-width:999px){.stk-d25b178 .stk-block-heading__text{font-size:25px !important;}}<\/style><h3 class=\"stk-block-heading__text\">\ud83c\udfc8<strong>Nous sommes n\u00e9s du champ<\/strong><\/h3><\/div>\n\n\n\n<div class=\"wp-block-stackable-text stk-block-text stk-block stk-d69c5f4\" data-block-id=\"d69c5f4\"><style>.stk-d69c5f4 {margin-bottom:13px !important;}.stk-d69c5f4 .stk-block-text__text{color:var(--theme-palette-color-4, #ffffff) !important;}<\/style><p class=\"stk-block-text__text has-text-color has-palette-color-4-color\">CAL n\u2019est pas seulement un projet num\u00e9rique, c\u2019est le reflet d\u2019une vie consacr\u00e9e au football am\u00e9ricain.<br>Des s\u00e9ances d'entra\u00eenement pluvieuses aux conversations dans les vestiaires, de la premi\u00e8re \u00e9quipe du syst\u00e8me de jeunes au d\u00e9veloppement des leaders dans les ligues universitaires... cette histoire a commenc\u00e9 il y a plus de 30 ans avec un r\u00eave : <strong>utiliser le football comme un v\u00e9hicule de formation, d\u2019am\u00e9lioration et d\u2019h\u00e9ritage.<\/strong><\/p><\/div>\n\n\n\n<p><span style=\"color: #fbfbfb;\" class=\"stk-highlight\"><strong>Aujourd'hui, ce r\u00eave s'est transform\u00e9 en un espace num\u00e9rique o\u00f9 nous partageons tout ce que nous avons appris : strat\u00e9gies, valeurs, \u00e9tat d'esprit et un amour profond pour le jeu.<br>Nous sommes une communaut\u00e9 cr\u00e9\u00e9e par et pour ceux qui vivent le football comme un mode de vie.<\/strong><\/span><\/p>\n\n\n\n<p><span style=\"color: #f8f8f8;\" class=\"stk-highlight\"><strong>C'est ici que tout a commenc\u00e9. Et c'est ici que votre histoire continue aussi.<\/strong><\/span><\/p>\n\n\n\n<div class=\"wp-block-stackable-columns stk-block-columns stk-block stk-b02c304\" data-block-id=\"b02c304\"><style>.stk-b02c304 .stk--block-align-b02c304{align-items:center !important;}.stk-b02c304-column{--stk-column-gap:20px !important;row-gap:20px !important;}<\/style><div class=\"stk-row stk-inner-blocks has-text-align-center-mobile stk--block-align-b02c304 stk-block-content stk-content-align stk-b02c304-column\">\n<div class=\"wp-block-stackable-column stk-block-column stk-column stk-block stk-3f60e45\" data-v=\"4\" data-block-id=\"3f60e45\"><style>.stk-3f60e45-container{margin-top:0px !important;margin-right:0px !important;margin-bottom:0px !important;margin-left:0px !important;}@media screen and (min-width:690px){.stk-3f60e45 {flex:var(--stk-flex-grow, 1) 1 calc(15% - var(--stk-column-gap, 0px) * 1 \/ 2 ) !important;}}@media screen and (min-width:690px) and (max-width:999px){.stk-3f60e45 {flex:var(--stk-flex-grow, 1) 1 calc(12% - var(--stk-column-gap, 0px) * 1 \/ 2 ) !important;}}<\/style><div class=\"stk-column-wrapper stk-block-column__content stk-container stk-3f60e45-container stk--no-background stk--no-padding\"><div class=\"has-text-align-left has-text-align-center-mobile stk-block-content stk-inner-blocks stk-3f60e45-inner-blocks\"><\/div><\/div><\/div>\n\n\n\n<div class=\"wp-block-stackable-column stk-block-column stk-column stk-block stk-b4dc65f\" data-v=\"4\" data-block-id=\"b4dc65f\"><style>.stk-b4dc65f-container{margin-top:0px !important;margin-right:0px !important;margin-bottom:0px !important;margin-left:0px !important;}@media screen and (min-width:690px){.stk-b4dc65f {flex:var(--stk-flex-grow, 1) 1 calc(85% - var(--stk-column-gap, 0px) * 1 \/ 2 ) !important;}}@media screen and (min-width:690px) and (max-width:999px){.stk-b4dc65f {flex:var(--stk-flex-grow, 1) 1 calc(85% - var(--stk-column-gap, 0px) * 1 \/ 2 ) !important;}}<\/style><div class=\"stk-column-wrapper stk-block-column__content stk-container stk-b4dc65f-container stk--no-background stk--no-padding\"><div class=\"stk-block-content stk-inner-blocks stk-b4dc65f-inner-blocks\"><\/div><\/div><\/div>\n<\/div><\/div>\n<\/div><\/div><\/div>\n<\/div><\/div>\n\n\n\n<div class=\"wp-block-stackable-spacer stk-block-spacer stk--no-padding stk-block stk-b5fe06f\" data-block-id=\"b5fe06f\"><style>.stk-b5fe06f {height:278px !important;}@media screen and (max-width:999px){.stk-b5fe06f {height:100px !important;}}@media screen and (max-width:689px){.stk-b5fe06f {height:70px !important;}}<\/style><\/div>\n\n\n\n<p><\/p>\n\n\n\n<div class=\"wp-block-stackable-columns aligncenter stk-block-columns stk-block stk-51b7e7a\" data-block-id=\"51b7e7a\"><style>.stk-51b7e7a {margin-bottom:0px !important;}.stk-51b7e7a-column{--stk-column-gap:35px !important;row-gap:50px !important;}<\/style><div class=\"stk-row stk-inner-blocks stk-block-content stk-content-align stk-51b7e7a-column\">\n<div class=\"wp-block-stackable-column stk-block-column stk-column stk-block stk-4bd84f8\" data-v=\"4\" data-block-id=\"4bd84f8\"><style>.stk-4bd84f8-container{margin-top:0px !important;margin-right:0px !important;margin-bottom:0px !important;margin-left:0px !important;}<\/style><div class=\"stk-column-wrapper stk-block-column__content stk-container stk-4bd84f8-container stk--no-background stk--no-padding\"><div class=\"stk-block-content stk-inner-blocks stk-4bd84f8-inner-blocks\">\n<div class=\"wp-block-stackable-heading stk-block-heading stk-block-heading--v2 stk-block stk-33c5a22\" data-block-id=\"33c5a22\"><style>.stk-33c5a22 {padding-top:0px !important;padding-right:0px !important;padding-bottom:0px !important;padding-left:0px !important;margin-bottom:10px !important;}<\/style><h4 class=\"stk-block-heading__text has-text-align-center\"><\/h4><\/div>\n<\/div><\/div><\/div>\n<\/div><\/div>\n\n\n\n<div class=\"wp-block-stackable-spacer stk-block-spacer stk--no-padding stk-block stk-6a8268d\" data-block-id=\"6a8268d\"><style>.stk-6a8268d {height:86px !important;}@media screen and (max-width:689px){.stk-6a8268d {height:50px !important;}}<\/style><\/div>\n\n\n\n<div class=\"wp-block-stackable-spacer stk-block-spacer stk--no-padding stk-block stk-59d9e47\" data-block-id=\"59d9e47\"><style>.stk-59d9e47 {height:30px !important;}@media screen and (max-width:689px){.stk-59d9e47 {height:0px !important;}}<\/style><\/div>","protected":false},"excerpt":{"rendered":"<p>Chez CAL, nous combinons une exp\u00e9rience du monde r\u00e9el, un contenu pratique et une passion pour le jeu pour vous fournir des ressources qui transforment la fa\u00e7on dont vous vous entra\u00eenez, apprenez et vivez le football am\u00e9ricain.<\/p>","protected":false},"author":1,"featured_media":0,"parent":0,"menu_order":0,"comment_status":"closed","ping_status":"closed","template":"","meta":{"googlesitekit_rrm_CAow3aPcCw:productID":"","advanced_seo_description":"","jetpack_seo_html_title":"","jetpack_seo_noindex":false,"footnotes":""},"class_list":["post-768","page","type-page","status-publish","hentry"],"blocksy_meta":{"styles_descriptor":{"styles":{"desktop":"","tablet":"","mobile":""},"google_fonts":[],"version":6}},"jetpack_sharing_enabled":true,"jetpack-related-posts":[],"jetpack_shortlink":"https:\/\/wp.me\/PgEElX-co","_links":{"self":[{"href":"https:\/\/calhuddle.com\/fr\/wp-json\/wp\/v2\/pages\/768","targetHints":{"allow":["GET"]}}],"collection":[{"href":"https:\/\/calhuddle.com\/fr\/wp-json\/wp\/v2\/pages"}],"about":[{"href":"https:\/\/calhuddle.com\/fr\/wp-json\/wp\/v2\/types\/page"}],"author":[{"embeddable":true,"href":"https:\/\/calhuddle.com\/fr\/wp-json\/wp\/v2\/users\/1"}],"replies":[{"embeddable":true,"href":"https:\/\/calhuddle.com\/fr\/wp-json\/wp\/v2\/comments?post=768"}],"version-history":[{"count":6,"href":"https:\/\/calhuddle.com\/fr\/wp-json\/wp\/v2\/pages\/768\/revisions"}],"predecessor-version":[{"id":892,"href":"https:\/\/calhuddle.com\/fr\/wp-json\/wp\/v2\/pages\/768\/revisions\/892"}],"wp:attachment":[{"href":"https:\/\/calhuddle.com\/fr\/wp-json\/wp\/v2\/media?parent=768"}],"curies":[{"name":"wp","href":"https:\/\/api.w.org\/{rel}","templated":true}]}}