{"id":1008,"date":"2025-08-12T00:01:23","date_gmt":"2025-08-12T04:01:23","guid":{"rendered":"https:\/\/calhuddle.com\/?post_type=product&#038;p=1008"},"modified":"2025-08-12T00:01:24","modified_gmt":"2025-08-12T04:01:24","slug":"9-hacks-de-entrenamiento-simples-para-construir-un-equipo-de-futbol-americano-ganador","status":"publish","type":"product","link":"https:\/\/calhuddle.com\/fr\/produit\/9-hacks-de-entrenamiento-simples-para-construir-un-equipo-de-futbol-americano-ganador\/","title":{"rendered":"9 Hacks de Entrenamiento Simples Para Construir Un Equipo de F\u00fatbol Americano Ganador"},"content":{"rendered":"<p data-start=\"578\" data-end=\"826\"><strong data-start=\"606\" data-end=\"697\">\u00ab9 Hacks de Entrenamiento Simples Para Construir Un Equipo de F\u00fatbol Americano Ganador\u00bb<\/strong> es una gu\u00eda dise\u00f1ada para coaches que quieren ir m\u00e1s all\u00e1 de las jugadas y centrarse en los detalles que marcan la diferencia.<\/p>\n<p data-start=\"828\" data-end=\"1499\">A trav\u00e9s de un enfoque probado en campo, descubrir\u00e1s c\u00f3mo:<br data-start=\"886\" data-end=\"889\" \/>\ud83c\udfc8 Establecer rutinas de inicio que encienden la energ\u00eda del equipo.<br data-start=\"957\" data-end=\"960\" \/>\ud83c\udfc6 Convertir cada drill en una competencia que mantiene la intensidad al m\u00e1ximo.<br data-start=\"1040\" data-end=\"1043\" \/>\u23f1 Fragmentar entrenamientos para maximizar concentraci\u00f3n y calidad t\u00e9cnica.<br data-start=\"1118\" data-end=\"1121\" \/>\ud83d\udcac Aplicar feedback instant\u00e1neo y motivador que acelera el aprendizaje.<br data-start=\"1192\" data-end=\"1195\" \/>\ud83c\udfaf Simular la presi\u00f3n real del juego para eliminar el factor sorpresa.<br data-start=\"1265\" data-end=\"1268\" \/>\ud83e\udd1d Desarrollar l\u00edderes en cada posici\u00f3n con sistemas de rotaci\u00f3n.<br data-start=\"1333\" data-end=\"1336\" \/>\ud83d\udca1 Implementar recuperaci\u00f3n activa que optimiza el rendimiento f\u00edsico y mental.<br data-start=\"1415\" data-end=\"1418\" \/>\ud83d\udd25 Cerrar cada pr\u00e1ctica con momentos \u00e9picos que fortalecen la uni\u00f3n del equipo.<\/p>\n<p data-start=\"1501\" data-end=\"1769\">No es solo un manual de drills: es un plan estrat\u00e9gico de 4 semanas para transformar tu equipo, aumentar su IQ de juego y forjar una mentalidad ganadora. Con estos hacks, estar\u00e1s construyendo no solo mejores jugadores, sino l\u00edderes preparados para cualquier desaf\u00edo.<\/p>\n<p data-start=\"1771\" data-end=\"1839\"><strong data-start=\"1771\" data-end=\"1837\">La victoria no empieza en el marcador\u2026 empieza en la pr\u00e1ctica.<\/strong><\/p>","protected":false},"excerpt":{"rendered":"<p>Transforma tu forma de entrenar con 9 estrategias simples pero poderosas que elevar\u00e1n el rendimiento, la motivaci\u00f3n y la cohesi\u00f3n de tu equipo de f\u00fatbol americano. Desde rutinas explosivas en los primeros minutos de pr\u00e1ctica hasta cierres \u00e9picos que dejan huella, este manual es la herramienta definitiva para coaches que buscan ganar dentro y fuera del campo.<\/p>","protected":false},"featured_media":1010,"comment_status":"open","ping_status":"closed","template":"","meta":{"googlesitekit_rrm_CAow3aPcCw:productID":"","advanced_seo_description":"","jetpack_seo_html_title":"","jetpack_seo_noindex":false},"product_brand":[],"product_cat":[22,21],"product_tag":[88,32,92,90,91,89,71],"class_list":{"0":"post-1008","1":"product","2":"type-product","3":"status-publish","4":"has-post-thumbnail","6":"product_cat-manuales-completos","7":"product_cat-planes-entrenamiento","8":"product_tag-crear","9":"product_tag-football","10":"product_tag-football-americano","11":"product_tag-hack","12":"product_tag-hacks","13":"product_tag-implementar","14":"product_tag-ofensiva","16":"first","17":"instock","18":"downloadable","19":"virtual","20":"purchasable","21":"product-type-simple"},"jetpack_sharing_enabled":true,"jetpack-related-posts":[],"_links":{"self":[{"href":"https:\/\/calhuddle.com\/fr\/wp-json\/wp\/v2\/product\/1008","targetHints":{"allow":["GET"]}}],"collection":[{"href":"https:\/\/calhuddle.com\/fr\/wp-json\/wp\/v2\/product"}],"about":[{"href":"https:\/\/calhuddle.com\/fr\/wp-json\/wp\/v2\/types\/product"}],"replies":[{"embeddable":true,"href":"https:\/\/calhuddle.com\/fr\/wp-json\/wp\/v2\/comments?post=1008"}],"wp:featuredmedia":[{"embeddable":true,"href":"https:\/\/calhuddle.com\/fr\/wp-json\/wp\/v2\/media\/1010"}],"wp:attachment":[{"href":"https:\/\/calhuddle.com\/fr\/wp-json\/wp\/v2\/media?parent=1008"}],"wp:term":[{"taxonomy":"product_brand","embeddable":true,"href":"https:\/\/calhuddle.com\/fr\/wp-json\/wp\/v2\/product_brand?post=1008"},{"taxonomy":"product_cat","embeddable":true,"href":"https:\/\/calhuddle.com\/fr\/wp-json\/wp\/v2\/product_cat?post=1008"},{"taxonomy":"product_tag","embeddable":true,"href":"https:\/\/calhuddle.com\/fr\/wp-json\/wp\/v2\/product_tag?post=1008"}],"curies":[{"name":"wp","href":"https:\/\/api.w.org\/{rel}","templated":true}]}}