{"id":829,"date":"2025-07-02T01:14:05","date_gmt":"2025-07-02T01:14:05","guid":{"rendered":"https:\/\/calhuddle.com\/?post_type=product&#038;p=829"},"modified":"2025-07-21T18:32:05","modified_gmt":"2025-07-21T18:32:05","slug":"plan-de-entrenamiento-ninos-8-14","status":"publish","type":"product","link":"https:\/\/calhuddle.com\/fr\/produit\/plan-de-entrenamiento-ninos-8-14\/","title":{"rendered":"Plan de entrenamiento ni\u00f1os 8-14"},"content":{"rendered":"<h3 data-start=\"127\" data-end=\"186\">\ud83c\udfc3\u200d\u2642\ufe0f Plan de Entrenamiento para Ni\u00f1os de 8 a 14 A\u00f1os<\/h3>\n<p data-start=\"187\" data-end=\"230\"><strong data-start=\"187\" data-end=\"230\">Velocidad, Agilidad, Fuerza y Diversi\u00f3n<\/strong><\/p>\n<p data-start=\"232\" data-end=\"631\">Este plan est\u00e1 dise\u00f1ado para desarrollar el potencial f\u00edsico de ni\u00f1os y ni\u00f1as de 8 a 14 a\u00f1os, combinando velocidad, agilidad, habilidades motrices y fuerza funcional en sesiones din\u00e1micas, seguras y entretenidas. Con entrenamientos 3 veces por semana, fomenta la confianza, el trabajo en equipo y la pasi\u00f3n por el deporte, mientras construyen una base s\u00f3lida para su crecimiento atl\u00e9tico y personal.<\/p>","protected":false},"excerpt":{"rendered":"<p><strong data-start=\"51\" data-end=\"102\">Plan de entrenamiento para ni\u00f1os de 8 a 14 a\u00f1os<\/strong><\/p>\n<p><br data-start=\"102\" data-end=\"105\" \/>Desarrolla velocidad, agilidad y fuerza con sesiones divertidas y seguras, ideales para potenciar sus habilidades y amor por el deporte.<\/p>","protected":false},"featured_media":832,"comment_status":"open","ping_status":"closed","template":"","meta":{"googlesitekit_rrm_CAow3aPcCw:productID":"","advanced_seo_description":"","jetpack_seo_html_title":"","jetpack_seo_noindex":false},"product_brand":[],"product_cat":[21],"product_tag":[],"class_list":{"0":"post-829","1":"product","2":"type-product","3":"status-publish","4":"has-post-thumbnail","6":"product_cat-planes-entrenamiento","8":"first","9":"instock","10":"sale","11":"downloadable","12":"virtual","13":"purchasable","14":"product-type-simple"},"jetpack_sharing_enabled":true,"jetpack-related-posts":[],"_links":{"self":[{"href":"https:\/\/calhuddle.com\/fr\/wp-json\/wp\/v2\/product\/829","targetHints":{"allow":["GET"]}}],"collection":[{"href":"https:\/\/calhuddle.com\/fr\/wp-json\/wp\/v2\/product"}],"about":[{"href":"https:\/\/calhuddle.com\/fr\/wp-json\/wp\/v2\/types\/product"}],"replies":[{"embeddable":true,"href":"https:\/\/calhuddle.com\/fr\/wp-json\/wp\/v2\/comments?post=829"}],"wp:featuredmedia":[{"embeddable":true,"href":"https:\/\/calhuddle.com\/fr\/wp-json\/wp\/v2\/media\/832"}],"wp:attachment":[{"href":"https:\/\/calhuddle.com\/fr\/wp-json\/wp\/v2\/media?parent=829"}],"wp:term":[{"taxonomy":"product_brand","embeddable":true,"href":"https:\/\/calhuddle.com\/fr\/wp-json\/wp\/v2\/product_brand?post=829"},{"taxonomy":"product_cat","embeddable":true,"href":"https:\/\/calhuddle.com\/fr\/wp-json\/wp\/v2\/product_cat?post=829"},{"taxonomy":"product_tag","embeddable":true,"href":"https:\/\/calhuddle.com\/fr\/wp-json\/wp\/v2\/product_tag?post=829"}],"curies":[{"name":"wp","href":"https:\/\/api.w.org\/{rel}","templated":true}]}}