{"id":982,"date":"2025-07-21T18:18:38","date_gmt":"2025-07-21T18:18:38","guid":{"rendered":"https:\/\/calhuddle.com\/?post_type=product&#038;p=982"},"modified":"2025-07-21T18:20:01","modified_gmt":"2025-07-21T18:20:01","slug":"essence-et-strategie","status":"publish","type":"product","link":"https:\/\/calhuddle.com\/fr\/produit\/essence-et-strategie\/","title":{"rendered":"ESSENCE ET STRAT\u00c9GIE"},"content":{"rendered":"<p data-start=\"118\" data-end=\"206\">\ud83d\udd25 <strong data-start=\"121\" data-end=\"206\">ESSENCE ET STRAT\u00c9GIE \u2013 Le Football Am\u00e9ricain comme Chemin de Vie et de Leadership<\/strong><\/p>\n<p data-start=\"208\" data-end=\"256\"><strong data-start=\"208\" data-end=\"256\">Auteur : Coach Jos\u00e9 Alberto Le\u00f3n \u2013 CALHUDDLE<\/strong><\/p>\n<p data-start=\"258\" data-end=\"787\">Ce livre ne s\u2019adresse pas uniquement \u00e0 ceux qui jouent au football. Il est destin\u00e9 \u00e0 ceux qui veulent gagner dans la vie.<br data-start=\"379\" data-end=\"382\" \/><strong data-start=\"382\" data-end=\"406\">Essence et Strat\u00e9gie<\/strong> est une \u0153uvre puissante, \u00e9motionnelle et profond\u00e9ment inspirante qui unit la technique du football am\u00e9ricain aux valeurs qui forgent des champions sur le terrain\u2026 et dans la vie. \u00c9crit par le Coach Jos\u00e9 Alberto Le\u00f3n, fort de plus de 30 ans d&#8217;exp\u00e9rience en tant que joueur, entra\u00eeneur et formateur de leaders, ce livre vous emm\u00e8ne dans un voyage tactique, humain et transformateur.<\/p>\n<p data-start=\"789\" data-end=\"831\">\ud83d\udcd6 <strong data-start=\"792\" data-end=\"831\">Que trouverez-vous dans ces pages ?<\/strong><\/p>\n<ul data-start=\"833\" data-end=\"1282\">\n<li data-start=\"833\" data-end=\"920\">\n<p data-start=\"835\" data-end=\"920\">Les r\u00e8gles du jeu, expliqu\u00e9es avec clart\u00e9 pour les nouveaux joueurs et entra\u00eeneurs.<\/p>\n<\/li>\n<li data-start=\"921\" data-end=\"1007\">\n<p data-start=\"923\" data-end=\"1007\">Les strat\u00e9gies offensives et d\u00e9fensives fondamentales, avec des exemples concrets.<\/p>\n<\/li>\n<li data-start=\"1008\" data-end=\"1098\">\n<p data-start=\"1010\" data-end=\"1098\">Les valeurs et l\u2019\u00e9tat d\u2019esprit des leaders : travail d\u2019\u00e9quipe, engagement, r\u00e9silience.<\/p>\n<\/li>\n<li data-start=\"1099\" data-end=\"1195\">\n<p data-start=\"1101\" data-end=\"1195\">Des techniques de pr\u00e9paration physique, nutritionnelle et mentale pour la haute performance.<\/p>\n<\/li>\n<li data-start=\"1196\" data-end=\"1282\">\n<p data-start=\"1198\" data-end=\"1282\">Des r\u00e9flexions personnelles et des exp\u00e9riences v\u00e9cues qui relient le sport \u00e0 la vie.<\/p>\n<\/li>\n<\/ul>\n<p data-start=\"1284\" data-end=\"1303\">\u2699\ufe0f <strong data-start=\"1287\" data-end=\"1303\">Id\u00e9al pour :<\/strong><\/p>\n<ul data-start=\"1305\" data-end=\"1625\">\n<li data-start=\"1305\" data-end=\"1358\">\n<p data-start=\"1307\" data-end=\"1358\">Les entra\u00eeneurs qui veulent inspirer leur \u00e9quipe.<\/p>\n<\/li>\n<li data-start=\"1359\" data-end=\"1425\">\n<p data-start=\"1361\" data-end=\"1425\">Les joueurs qui souhaitent franchir un cap dans leur carri\u00e8re.<\/p>\n<\/li>\n<li data-start=\"1426\" data-end=\"1522\">\n<p data-start=\"1428\" data-end=\"1522\">Les parents qui veulent comprendre la valeur du football dans la formation de leurs enfants.<\/p>\n<\/li>\n<li data-start=\"1523\" data-end=\"1625\">\n<p data-start=\"1525\" data-end=\"1625\">Les leaders, enseignants, entrepreneurs et r\u00eaveurs qui voient dans le sport une m\u00e9taphore de la vie.<\/p>\n<\/li>\n<\/ul>\n<p data-start=\"1627\" data-end=\"1947\">\ud83d\udee1\ufe0f Ce livre <strong data-start=\"1640\" data-end=\"1674\">motive, enseigne et transforme<\/strong>. Avec un langage authentique, direct et \u00e9motionnel, chaque chapitre est con\u00e7u pour r\u00e9veiller le feu int\u00e9rieur du lecteur, l\u2019aider \u00e0 se reconnecter \u00e0 son but et lui montrer que sur le terrain \u2014 et dans la vie \u2014 on gagne avec de la strat\u00e9gie, mais surtout avec de l\u2019essence.<\/p>\n<p data-start=\"1949\" data-end=\"2184\">\ud83d\udce5 <strong data-start=\"1952\" data-end=\"1964\">Format :<\/strong> PDF, .epub, .mobi, .azw3 \u2013 imprimable et num\u00e9rique<br data-start=\"2015\" data-end=\"2018\" \/>\ud83d\udccc <strong data-start=\"2021\" data-end=\"2033\">Langue :<\/strong> Espagnol<br data-start=\"2042\" data-end=\"2045\" \/>\ud83e\udde0 <strong data-start=\"2048\" data-end=\"2060\">Niveau :<\/strong> Tout public (coll\u00e9gial, jeunesse, universitaire, formation et comp\u00e9tition)<br data-start=\"2135\" data-end=\"2138\" \/>\ud83c\udfc8 <strong data-start=\"2141\" data-end=\"2153\">Auteur :<\/strong> Coach Alberto Le\u00f3n \u2013 CALHUDDLE<\/p>\n<hr data-start=\"2186\" data-end=\"2189\" \/>\n<p data-start=\"2191\" data-end=\"2245\"><strong data-start=\"2191\" data-end=\"2245\">IMPORTANT : DISPONIBLE EN TROIS FORMATS DIFF\u00c9RENTS<\/strong><\/p>\n<ul data-start=\"2247\" data-end=\"2521\">\n<li data-start=\"2247\" data-end=\"2319\">\n<p data-start=\"2249\" data-end=\"2319\"><code data-start=\"2249\" data-end=\"2256\">.epub<\/code> \u2192 Compatible avec Apple Books, Kobo, Google Play Books, etc.<\/p>\n<\/li>\n<li data-start=\"2320\" data-end=\"2379\">\n<p data-start=\"2322\" data-end=\"2379\"><code data-start=\"2322\" data-end=\"2329\">.mobi<\/code> \u2192 Compatible avec les anciens appareils Kindle.<\/p>\n<\/li>\n<li data-start=\"2380\" data-end=\"2464\">\n<p data-start=\"2382\" data-end=\"2464\"><code data-start=\"2382\" data-end=\"2389\">.azw3<\/code> \u2192 Recommand\u00e9 pour les appareils Kindle modernes (plus stable que .mobi).<\/p>\n<\/li>\n<li data-start=\"2465\" data-end=\"2521\">\n<p data-start=\"2467\" data-end=\"2521\"><strong data-start=\"2467\" data-end=\"2474\">PDF<\/strong> \u2192 Pour impression et lecture sur tout appareil<\/p>\n<\/li>\n<\/ul>","protected":false},"excerpt":{"rendered":"<h3 data-start=\"124\" data-end=\"168\">Un livre qui relie le football \u00e0 la vie.<\/h3>\n<p data-start=\"170\" data-end=\"338\"><strong data-start=\"170\" data-end=\"241\">Tactique, valeurs, leadership et passion r\u00e9unis en un seul endroit.<\/strong><br data-start=\"241\" data-end=\"244\" \/>Pour les joueurs, les coachs et les r\u00eaveurs qui veulent gagner sur le terrain\u2026 et dans la vie.<\/p>\n<p data-start=\"340\" data-end=\"424\">\ud83d\udcd8 <em data-start=\"343\" data-end=\"365\">Essence et Strat\u00e9gie<\/em> \u2013 par Coach Alberto Le\u00f3n.<br data-start=\"391\" data-end=\"394\" \/><strong data-start=\"394\" data-end=\"424\">Disponible d\u00e8s maintenant.<\/strong><\/p>","protected":false},"featured_media":991,"comment_status":"open","ping_status":"closed","template":"","meta":{"googlesitekit_rrm_CAow3aPcCw:productID":"","advanced_seo_description":"","jetpack_seo_html_title":"","jetpack_seo_noindex":false},"product_brand":[],"product_cat":[27],"product_tag":[],"class_list":{"0":"post-982","1":"product","2":"type-product","3":"status-publish","4":"has-post-thumbnail","6":"product_cat-mis-libros","8":"first","9":"instock","10":"shipping-taxable","11":"purchasable","12":"product-type-variable"},"jetpack_sharing_enabled":true,"jetpack-related-posts":[],"_links":{"self":[{"href":"https:\/\/calhuddle.com\/fr\/wp-json\/wp\/v2\/product\/982","targetHints":{"allow":["GET"]}}],"collection":[{"href":"https:\/\/calhuddle.com\/fr\/wp-json\/wp\/v2\/product"}],"about":[{"href":"https:\/\/calhuddle.com\/fr\/wp-json\/wp\/v2\/types\/product"}],"replies":[{"embeddable":true,"href":"https:\/\/calhuddle.com\/fr\/wp-json\/wp\/v2\/comments?post=982"}],"wp:featuredmedia":[{"embeddable":true,"href":"https:\/\/calhuddle.com\/fr\/wp-json\/wp\/v2\/media\/991"}],"wp:attachment":[{"href":"https:\/\/calhuddle.com\/fr\/wp-json\/wp\/v2\/media?parent=982"}],"wp:term":[{"taxonomy":"product_brand","embeddable":true,"href":"https:\/\/calhuddle.com\/fr\/wp-json\/wp\/v2\/product_brand?post=982"},{"taxonomy":"product_cat","embeddable":true,"href":"https:\/\/calhuddle.com\/fr\/wp-json\/wp\/v2\/product_cat?post=982"},{"taxonomy":"product_tag","embeddable":true,"href":"https:\/\/calhuddle.com\/fr\/wp-json\/wp\/v2\/product_tag?post=982"}],"curies":[{"name":"wp","href":"https:\/\/api.w.org\/{rel}","templated":true}]}}